{"id":1331,"date":"2024-04-15T18:04:02","date_gmt":"2024-04-15T16:04:02","guid":{"rendered":"http:\/\/scoopcaburkinamine.com\/index.php\/commande-recue\/"},"modified":"2024-04-15T18:04:02","modified_gmt":"2024-04-15T16:04:02","slug":"commande-recue","status":"publish","type":"page","link":"https:\/\/scoopcaburkinamine.com\/index.php\/commande-recue\/","title":{"rendered":"Commande re\u00e7ue"},"content":{"rendered":"<p>Bonjour, nous avons bien re\u00e7u votre commande. Nous allons valider la commande et nous prendrons les mesures n\u00e9cessaires pour passer \u00e0 l\u2019\u00e9tape suivante.<\/p>\n","protected":false},"excerpt":{"rendered":"<p>Bonjour, nous avons bien re\u00e7u votre commande. Nous allons valider la commande et nous prendrons les mesures n\u00e9cessaires pour passer \u00e0 l\u2019\u00e9tape suivante.<\/p>\n","protected":false},"author":1,"featured_media":0,"parent":0,"menu_order":0,"comment_status":"closed","ping_status":"closed","template":"","meta":{"footnotes":""},"class_list":["post-1331","page","type-page","status-publish","hentry"],"blocksy_meta":[],"_links":{"self":[{"href":"https:\/\/scoopcaburkinamine.com\/index.php\/wp-json\/wp\/v2\/pages\/1331","targetHints":{"allow":["GET"]}}],"collection":[{"href":"https:\/\/scoopcaburkinamine.com\/index.php\/wp-json\/wp\/v2\/pages"}],"about":[{"href":"https:\/\/scoopcaburkinamine.com\/index.php\/wp-json\/wp\/v2\/types\/page"}],"author":[{"embeddable":true,"href":"https:\/\/scoopcaburkinamine.com\/index.php\/wp-json\/wp\/v2\/users\/1"}],"replies":[{"embeddable":true,"href":"https:\/\/scoopcaburkinamine.com\/index.php\/wp-json\/wp\/v2\/comments?post=1331"}],"version-history":[{"count":0,"href":"https:\/\/scoopcaburkinamine.com\/index.php\/wp-json\/wp\/v2\/pages\/1331\/revisions"}],"wp:attachment":[{"href":"https:\/\/scoopcaburkinamine.com\/index.php\/wp-json\/wp\/v2\/media?parent=1331"}],"curies":[{"name":"wp","href":"https:\/\/api.w.org\/{rel}","templated":true}]}}